{"id":103,"date":"2024-09-21T20:20:07","date_gmt":"2024-09-21T18:20:07","guid":{"rendered":"https:\/\/zitzof.boleslawiec.eu\/?page_id=103"},"modified":"2024-10-07T13:56:34","modified_gmt":"2024-10-07T11:56:34","slug":"szkolenia","status":"publish","type":"page","link":"https:\/\/zitzof.boleslawiec.eu\/index.php\/szkolenia\/","title":{"rendered":"Szkolenia"},"content":{"rendered":"\n<div class=\"wp-block-query alignwide is-layout-flow wp-block-query-is-layout-flow\"><ul class=\"columns-3 wp-block-post-template is-layout-grid wp-container-core-post-template-is-layout-6d3fbd8f wp-block-post-template-is-layout-grid\"><li class=\"wp-block-post post-1119 post type-post status-publish format-standard hentry category-aktualnosci category-szkolenia\">\n<h4 class=\"wp-block-post-title\">,,Szkolenie on-line dla beneficjent\u00f3w programu Fundusze Europejskie dla Dolnego \u015al\u0105ska &#8211; na co zwr\u00f3ci\u0107 uwag\u0119 podczas realizacji projekt\u00f3w?\u201d<\/h4>\n\n<div class=\"wp-block-post-date\"><time datetime=\"2026-03-24T14:59:59+01:00\">24.03.2026<\/time><\/div>\n\n<div class=\"wp-block-post-excerpt\"><p class=\"wp-block-post-excerpt__excerpt\">G\u0142\u00f3wny Punkt Informacyjny Funduszy Europejskich we Wroc\u0142awiu zaprasza na \u201eSzkolenie on-line dla beneficjent\u00f3w programu Fundusze Europejskie dla Dolnego \u015al\u0105ska &#8211; na co zwr\u00f3ci\u0107 uwag\u0119 podczas realizacji projekt\u00f3w?\u201d Podczas szkolenia zostan\u0105 przedstawione zasady aplikowania o \u015brodki unijne, \u017ar\u00f3d\u0142a informacji, najwa\u017cniejsze dokumenty i wytyczne, obowi\u0105zki informacyjne i promocyjne beneficjenta, zasady kontroli EFRR i EFS+ oraz generator wniosk\u00f3w<\/p><p class=\"wp-block-post-excerpt__more-text\"><a class=\"wp-block-post-excerpt__more-link\" href=\"https:\/\/zitzof.boleslawiec.eu\/index.php\/2026\/03\/24\/szkolenie-on-line-dla-beneficjentow-programu-fundusze-europejskie-dla-dolnego-slaska-na-co-zwrocic-uwage-podczas-realizacji-projektow\/\">Czytaj wi\u0119cej<\/a><\/p><\/div>\n<\/li><li class=\"wp-block-post post-968 post type-post status-publish format-standard hentry category-aktualnosci category-szkolenia\">\n<h4 class=\"wp-block-post-title\">Webinarium dla potencjalnych beneficjent\u00f3w w ramach naboru FEDS.02.07-IZ.00-369\/25 dotycz\u0105cego przywracania i wzmacniania us\u0142ug ekosystemowych w ramach zielonej i niebieskiej infrastruktury na terenach wiejskich<\/h4>\n\n<div class=\"wp-block-post-date\"><time datetime=\"2025-11-20T09:03:23+01:00\">20.11.2025<\/time><\/div>\n\n<div class=\"wp-block-post-excerpt\"><p class=\"wp-block-post-excerpt__excerpt\">Serdecznie zach\u0119camy do rejestracji na spotkanie informacyjne odno\u015bnie og\u0142oszonego naboru konkurencyjnego nr FEDS.02.07-IZ.00-369\/25, Dzia\u0142anie 2.7 Ochrona przyrody i klimatu organizowane przez Punkt Informacyjny Funduszy Europejskich w Legnicy. Webinarium odb\u0119dzie si\u0119 24 listopada 2025 roku w godz. 10.00 \u2013 12.30 na platformie internetowej ZOOM. Zg\u0142oszenia prosimy przesy\u0142a\u0107 za po\u015brednictwem formularza do dnia 24.11.2025 r. do godz.<\/p><p class=\"wp-block-post-excerpt__more-text\"><a class=\"wp-block-post-excerpt__more-link\" href=\"https:\/\/zitzof.boleslawiec.eu\/index.php\/2025\/11\/20\/webinarium-dla-potencjalnych-beneficjentow-w-ramach-naboru-feds-02-07-iz-00-369-25-dotyczacego-przywracania-i-wzmacniania-uslug-ekosystemowych-w-ramach-zielonej-i-niebieskiej-infrastruktury-na-terenac\/\">Czytaj wi\u0119cej<\/a><\/p><\/div>\n<\/li><li class=\"wp-block-post post-600 post type-post status-publish format-standard hentry category-aktualnosci category-szkolenia\">\n<h4 class=\"wp-block-post-title\">Seans energetyczny Co4Energy<\/h4>\n\n<div class=\"wp-block-post-date\"><time datetime=\"2025-04-16T07:55:51+02:00\">16.04.2025<\/time><\/div>\n\n<div class=\"wp-block-post-excerpt\"><p class=\"wp-block-post-excerpt__excerpt\">Serdecznie zapraszamy na pierwsze spotkanie w formie \u201eSeansu energetycznego\u201d, kt\u00f3re odb\u0119dzie si\u0119 23 kwietnia 2025 r. (\u015broda) w godz. 9.00-11.00 w formie online. \u201eSeans energetyczny\u201d rozpoczyna realizacj\u0119 przedsi\u0119wzi\u0119cia pt. \u201eCo4Energy \u2013 sie\u0107 wsp\u00f3\u0142pracy efektywno\u015b\u0107 energetyczna w MOF\u201d, kt\u00f3re jest cz\u0119\u015bci\u0105 projektu Ministerstwa Funduszy i Polityki Regionalnej pn. \u201eSieciowanie Zwi\u0105zk\u00f3w ZIT w Polsce\u201d, finansowanego ze \u015brodk\u00f3w<\/p><p class=\"wp-block-post-excerpt__more-text\"><a class=\"wp-block-post-excerpt__more-link\" href=\"https:\/\/zitzof.boleslawiec.eu\/index.php\/2025\/04\/16\/seans-energetyczny-co4energy\/\">Czytaj wi\u0119cej<\/a><\/p><\/div>\n<\/li><\/ul>\n\n<nav class=\"aligncenter wp-block-query-pagination is-layout-flex wp-block-query-pagination-is-layout-flex\" aria-label=\"Stronicowanie\">\n\n\n<div class=\"wp-block-query-pagination-numbers\"><span aria-current=\"page\" class=\"page-numbers current\">1<\/span>\n<a class=\"page-numbers\" href=\"?query-20-page=2\">2<\/a>\n<a class=\"page-numbers\" href=\"?query-20-page=3\">3<\/a>\n<span class=\"page-numbers dots\">&hellip;<\/span>\n<a class=\"page-numbers\" href=\"?query-20-page=9\">9<\/a><\/div>\n\n<a href=\"\/index.php\/wp-json\/wp\/v2\/pages\/103?query-20-page=2\" class=\"wp-block-query-pagination-next\">Nast\u0119pna strona<\/a>\n<\/nav><\/div>\n","protected":false},"excerpt":{"rendered":"","protected":false},"author":1,"featured_media":0,"parent":0,"menu_order":6,"comment_status":"closed","ping_status":"closed","template":"","meta":{"footnotes":""},"class_list":["post-103","page","type-page","status-publish","hentry"],"aioseo_notices":[],"_links":{"self":[{"href":"https:\/\/zitzof.boleslawiec.eu\/index.php\/wp-json\/wp\/v2\/pages\/103","targetHints":{"allow":["GET"]}}],"collection":[{"href":"https:\/\/zitzof.boleslawiec.eu\/index.php\/wp-json\/wp\/v2\/pages"}],"about":[{"href":"https:\/\/zitzof.boleslawiec.eu\/index.php\/wp-json\/wp\/v2\/types\/page"}],"author":[{"embeddable":true,"href":"https:\/\/zitzof.boleslawiec.eu\/index.php\/wp-json\/wp\/v2\/users\/1"}],"replies":[{"embeddable":true,"href":"https:\/\/zitzof.boleslawiec.eu\/index.php\/wp-json\/wp\/v2\/comments?post=103"}],"version-history":[{"count":7,"href":"https:\/\/zitzof.boleslawiec.eu\/index.php\/wp-json\/wp\/v2\/pages\/103\/revisions"}],"predecessor-version":[{"id":285,"href":"https:\/\/zitzof.boleslawiec.eu\/index.php\/wp-json\/wp\/v2\/pages\/103\/revisions\/285"}],"wp:attachment":[{"href":"https:\/\/zitzof.boleslawiec.eu\/index.php\/wp-json\/wp\/v2\/media?parent=103"}],"curies":[{"name":"wp","href":"https:\/\/api.w.org\/{rel}","templated":true}]}}