{"id":23,"date":"2024-09-18T17:44:28","date_gmt":"2024-09-18T15:44:28","guid":{"rendered":"https:\/\/zitzof.boleslawiec.eu\/?page_id=23"},"modified":"2025-10-28T15:11:57","modified_gmt":"2025-10-28T14:11:57","slug":"dowiedz-sie-wiecej-o-zit-zof","status":"publish","type":"page","link":"https:\/\/zitzof.boleslawiec.eu\/index.php\/dowiedz-sie-wiecej-o-zit-zof\/","title":{"rendered":"Dowiedz si\u0119 wi\u0119cej o ZIT ZOF"},"content":{"rendered":"\n<div class=\"wp-block-group alignwide is-vertical is-layout-flex wp-container-core-group-is-layout-fe9cc265 wp-block-group-is-layout-flex\">\n<figure class=\"wp-block-image size-large is-resized\"><img loading=\"lazy\" decoding=\"async\" width=\"1024\" height=\"786\" src=\"https:\/\/zitzof.boleslawiec.eu\/wp-content\/uploads\/2025\/07\/image-2-1024x786.png\" alt=\"\" class=\"wp-image-730\" style=\"width:1314px;height:auto\" srcset=\"https:\/\/zitzof.boleslawiec.eu\/wp-content\/uploads\/2025\/07\/image-2-1024x786.png 1024w, https:\/\/zitzof.boleslawiec.eu\/wp-content\/uploads\/2025\/07\/image-2-300x230.png 300w, https:\/\/zitzof.boleslawiec.eu\/wp-content\/uploads\/2025\/07\/image-2-768x589.png 768w, https:\/\/zitzof.boleslawiec.eu\/wp-content\/uploads\/2025\/07\/image-2.png 1224w\" sizes=\"auto, (max-width: 1024px) 100vw, 1024px\" \/><\/figure>\n\n\n\n<h2 class=\"wp-block-heading\"><strong>Czym s\u0105 Zintegrowane Inwestycje Terytorialne?<\/strong><\/h2>\n\n\n\n<p>Zintegrowane Inwestycje Terytorialne (ZIT) to forma wsp\u00f3\u0142pracy, w ramach kt\u00f3rej partnerstwa miast i otaczaj\u0105cych je gmin oraz w\u0142adze wojew\u00f3dztw wsp\u00f3lnie przeprowadzaj\u0105 projekty finansowane z Funduszy Europejskich. Jest to instrument wspieraj\u0105cy rozw\u00f3j terytorialny i promuj\u0105cy partnerski model wsp\u00f3\u0142pracy mi\u0119dzy jednostkami samorz\u0105du terytorialnego w MOF. W poprzedniej perspektywie finansowej na lata 2014-2020 w Polsce funkcjonowa\u0142o 17 ZIT-\u00f3w. Istot\u0105 ZIT w nowej perspektywie na lata 2021-2027 jest realizacja projekt\u00f3w zintegrowanych, kt\u00f3re przyczyni\u0105 si\u0119 do rozwi\u0105zywania b\u0105d\u017a zaspokajania potrzeb obszaru obj\u0119tego ZIT. W tym celu opracowuje si\u0119 strategie rozwoju ponadlokalnego i strategie ZIT.<\/p>\n\n\n\n<h2 class=\"wp-block-heading\"><strong>Do czego s\u0142u\u017c\u0105 ZIT-y?<\/strong><\/h2>\n\n\n\n<p>Celem wdra\u017cania instrumentu ZIT jest:<\/p>\n\n\n\n<ul class=\"wp-block-list\">\n<li>budowanie partnerstwa i wsp\u00f3\u0142pracy w ramach obszaru funkcjonalnego oraz wspieranie wsp\u00f3\u0142pracy i wymiany do\u015bwiadcze\u0144 pomi\u0119dzy Zwi\u0105zkami ZIT zar\u00f3wno w poszczeg\u00f3lnych wojew\u00f3dztwach, jak i na szczeblu krajowym i mi\u0119dzynarodowym;<\/li>\n\n\n\n<li>wspieranie rozwoju kompetencji samorz\u0105du terytorialnego niezb\u0119dnych do przygotowania i wdra\u017cania strategii, w tym strategii ZIT lub strategii rozwoju ponadlokalnego;<\/li>\n\n\n\n<li>wspieranie realizacji projekt\u00f3w i zdolno\u015bci do pozyskania \u015brodk\u00f3w z r\u00f3\u017cnych \u017ar\u00f3de\u0142.<\/li>\n<\/ul>\n\n\n\n<p>Realizacja ZIT zwi\u0119ksza wp\u0142yw miast i obszar\u00f3w powi\u0105zanych z nimi funkcjonalnie na kszta\u0142t i spos\u00f3b realizacji dzia\u0142a\u0144 na ich obszarze, w tym w szczeg\u00f3lno\u015bci dzia\u0142a\u0144 wspieranych w ramach polityki sp\u00f3jno\u015bci, poprzez realizacj\u0119 projekt\u00f3w zintegrowanych przyczyniaj\u0105cych si\u0119 do rozwi\u0105zywania wsp\u00f3lnych problem\u00f3w gospodarczych, \u015brodowiskowych, klimatycznych, demograficznych i spo\u0142ecznych oraz skoordynowanego \u015bwiadczenia us\u0142ug publicznych na rzecz mieszka\u0144c\u00f3w MOF.<\/p>\n\n\n\n<h2 class=\"wp-block-heading\"><strong>Czym jest ZIT ZOF?<\/strong><\/h2>\n\n\n\n<p>Instrument Zintegrowanych Inwestycji Terytorialnych Zachodniego Obszaru Funkcjonalnego (ZIT ZOF) dzia\u0142a w formie porozumienia zawartego przez 20 samorz\u0105d\u00f3w (17 gmin i 3 powiaty) w dniu 12 lipca 2023 roku. Porozumienie mi\u0119dzygminne <em>w sprawie zasad wsp\u00f3\u0142pracy Stron Porozumienia przy wdra\u017caniu, finansowaniu, ewaluacji i koordynowaniu wsp\u00f3lnych przedsi\u0119wzi\u0119\u0107, bie\u017c\u0105cej obs\u0142udze i rozliczeniach Zintegrowanych Inwestycji Terytorialnych Zachodniego Obszaru Funkcjonalnego oraz powierzenia Gminie Miejskiej Boles\u0142awiec zarz\u0105dzania Zintegrowanymi Inwestycjami Terytorialnymi Zachodniego Obszaru Funkcjonalnego <\/em>realizowane b\u0119dzie na terenie obejmuj\u0105cym\u00a0 <strong>gminy<\/strong>: Gmina Bogatynia, Gmina Boles\u0142awiec, Gmina Miejska Boles\u0142awiec, Gmina Gromadka, Gmina\u00a0 Luba\u0144, Gmina Miejska Luba\u0144, Miasto i Gmina Nowogrodziec, Gmina Osiecznica, Miasto i Gmina Pie\u0144sk, Gmina Plater\u00f3wka, Gmina Siekierczyn, Gmina Sulik\u00f3w, Gmina Warta Boles\u0142awiecka, Miasto i Gmina W\u0119gliniec, Gmina Miejska Zawid\u00f3w, Gmina Zgorzelec, Gmina Miejska\u00a0Zgorzelec oraz nast\u0119puj\u0105ce <strong>powiaty<\/strong>: Powiat Boles\u0142awiecki, Powiat Luba\u0144ski i Powiat Zgorzelecki.<\/p>\n\n\n\n<p>Celem Porozumienia jest okre\u015blenie zasad wsp\u00f3\u0142pracy w zakresie opracowania i zatwierdzenia dokumentu programowego dla Zintegrowanych Inwestycji Terytorialnych Zachodniego Obszaru Funkcjonalnego (ZIT ZOF). Dokument odnosi si\u0119 m.in. do nowej perspektywy finansowej Unii Europejskiej 2021-2027, kt\u00f3rej istotnym&nbsp; elementem jest Rozw\u00f3j Terytorialny, wynikaj\u0105cy z postanowie\u0144 Traktatu o Funkcjonowaniu Unii Europejskiej.<\/p>\n\n\n\n<div class=\"wp-block-group is-nowrap is-layout-flex wp-container-core-group-is-layout-6c531013 wp-block-group-is-layout-flex\" style=\"font-size:clamp(14px, 0.875rem + ((1vw - 3.2px) * 0.521), 19px);\">\n<div class=\"wp-block-file\"><a id=\"wp-block-file--media-5f9cc177-efa7-4087-b75c-ab1c0a1936dc\" href=\"https:\/\/zitzof.boleslawiec.eu\/wp-content\/uploads\/2024\/09\/Porozumienie-miedzygminne-z-dnia-12-lipca-2023-r.pdf\">Tre\u015b\u0107 Porozumienia mi\u0119dzygminnego z dnia 12 lipca 2023 r. <\/a><\/div>\n<\/div>\n\n\n\n<p>Szczeg\u00f3\u0142owy zakres zada\u0144 i obowi\u0105zk\u00f3w ZIT ZOF okre\u015bla Porozumienie terytorialne z dnia 29 stycznia 2024 r. w sprawie okre\u015blenia zasad realizacji projekt\u00f3w strategicznych w ramach instrumentu terytorialnego Zintegrowane Inwestycje Terytorialne Zachodniego Obszaru Funkcjonalnego zawarte pomi\u0119dzy Zarz\u0105dem Wojew\u00f3dztwa Dolno\u015bl\u0105skiego a Gmin\u0105 Miejsk\u0105 Boles\u0142awiec \u2013 Liderem Zintegrowanych Inwestycji Terytorialnych Zachodniego Obszaru Funkcjonalnego.<\/p>\n\n\n\n<div class=\"wp-block-group is-nowrap is-layout-flex wp-container-core-group-is-layout-6c531013 wp-block-group-is-layout-flex\" style=\"font-size:clamp(14px, 0.875rem + ((1vw - 3.2px) * 0.521), 19px);\">\n<div class=\"wp-block-file\"><a id=\"wp-block-file--media-3afdae18-f736-4d10-b6f9-a39e3ce37b28\" href=\"https:\/\/zitzof.boleslawiec.eu\/wp-content\/uploads\/2024\/09\/Porozumienie-terytorialne-z-dnia-29-stycznia-2024-r.pdf\">Tre\u015b\u0107 Porozumienia Terytorialnego z dnia 29 stycznia 2024 r.<\/a><\/div>\n<\/div>\n\n\n\n<h2 class=\"wp-block-heading\"><strong>Podmioty zaanga\u017cowane we wdra\u017canie instrumentu ZIT ZOF i ich funkcje:<\/strong><\/h2>\n\n\n\n<p>Funkcj\u0119 <strong>Lidera ZIT ZOF<\/strong> pe\u0142ni Gmina Miejska Boles\u0142awiec reprezentowana przez Prezydenta Miasta Boles\u0142awiec. Do najwa\u017cniejszych zada\u0144 Lidera nale\u017cy reprezentowanie wszystkich stron Porozumienia w procesie negocjacji, ustanawiania i realizacji instrumentu ZIT wobec ministerstwa w\u0142a\u015bciwego do spraw rozwoju regionalnego, IZ FEDS 2021-2027 oraz innych podmiot\u00f3w zaanga\u017cowanych w przygotowanie i wdra\u017canie ZIT ZOF. Do najwa\u017cniejszych zada\u0144 Lidera nale\u017cy m. in.<\/p>\n\n\n\n<ul class=\"wp-block-list\">\n<li>zatwierdzenie Strategii ZIT ZOF i jej zmian po uzyskaniu pozytywnej opinii Komitetu Steruj\u0105cego ZIT&nbsp;ZOF;<\/li>\n\n\n\n<li>podpisanie w imieniu ZIT ZOF porozumienia w sprawie finansowania Strategii ZIT ZOF ze \u015brodk\u00f3w FEDS 2021-2027 lub innych \u015brodk\u00f3w zewn\u0119trznych;<\/li>\n\n\n\n<li>udzia\u0142 w wyborze do dofinansowania, o kt\u00f3rym mowa w art. 29 ust. 3 rozporz\u0105dzenia og\u00f3lnego, projekt\u00f3w wynikaj\u0105cych ze Strategii ZIT ZOF, w szczeg\u00f3lno\u015bci przez umieszczenie w strategii listy projekt\u00f3w, kt\u00f3re mog\u0105 ubiega\u0107 si\u0119 o dofinansowanie;<\/li>\n\n\n\n<li>przewodniczenie Komitetowi Steruj\u0105cemu ZIT ZOF;<\/li>\n\n\n\n<li>udzia\u0142 w pracach Komitetu Monitoruj\u0105cego FEDS 2021-2027;<\/li>\n\n\n\n<li>zatwierdzenie rocznych raport\u00f3w monitoringowych z realizacji Strategii po uprzedniej opinii Komitetu Steruj\u0105cego ZIT ZOF.<\/li>\n<\/ul>\n\n\n\n<p><strong>Komitet Steruj\u0105cy ZIT ZOF<\/strong> pe\u0142ni funkcj\u0119 opiniodawcz\u0105 w zakresie wdra\u017cania, finansowania, ewaluacji, uzgadniania inwestycji i rozliczania ZIT ZOF. Pracami KS ZIT ZOF kieruje Prezydent Miasta Boles\u0142awiec lub osoba przez niego upowa\u017cniona, zwany dalej Przewodnicz\u0105cym KS ZIT ZOF. W sk\u0142ad KS ZIT ZOF wchodz\u0105 w\u00f3jtowie, burmistrzowie, prezydent i starostowie reprezentuj\u0105cy Strony Porozumienia. Do najwa\u017cniejszych zada\u0144 Komitetu Steruj\u0105cego nale\u017cy:<\/p>\n\n\n\n<ul class=\"wp-block-list\">\n<li>wydawanie opinii dla projektu Strategii ZIT ZOF i jej zmian;<\/li>\n\n\n\n<li>udzia\u0142 Przewodnicz\u0105cego Komitetu Steruj\u0105cego w pracach Komitetu Monitoruj\u0105cego FEDS 2021-2027;<\/li>\n\n\n\n<li>opiniowanie rocznego sprawozdania z realizacji ZIT ZOF;<\/li>\n\n\n\n<li>wydawanie opinii i formu\u0142owanie wniosk\u00f3w z w\u0142asnej inicjatywy oraz na wniosek Przewodnicz\u0105cego Komitetu Steruj\u0105cego ZIT ZOF;<\/li>\n\n\n\n<li>zatwierdzanie bud\u017cetu ZIT ZOF;<\/li>\n\n\n\n<li>rozpatrywanie innych spraw oraz opiniowanie dokument\u00f3w niezb\u0119dnych do realizacji ZIT ZOF.<\/li>\n<\/ul>\n\n\n\n<p><strong>Rada ZIT ZOF<\/strong> pe\u0142ni funkcj\u0119 opiniodawcz\u0105 dla dokument\u00f3w niezb\u0119dnych do realizacji zada\u0144 ZIT ZOF.&nbsp; W sk\u0142ad Rady zgodnie z zapisami Porozumienia ZIT ZOF wchodzi\u0107 mog\u0105 przedstawiciele partner\u00f3w spo\u0142eczno-gospodarczych, w\u0142a\u015bciwych podmiot\u00f3w reprezentuj\u0105cych spo\u0142ecze\u0144stwo obywatelskie, podmiot\u00f3w dzia\u0142aj\u0105cych na rzecz ochrony \u015brodowiska oraz podmioty odpowiedzialne za promowanie w\u0142\u0105czenia spo\u0142ecznego, praw podstawowych, praw os\u00f3b niepe\u0142nosprawnych, r\u00f3wno\u015bci p\u0142ci i niedyskryminacji, organizacji pozarz\u0105dowych, Lokalnych Grup Dzia\u0142ania oraz innych w\u0142a\u015bciwych zainteresowanych stron.<\/p>\n\n\n\n<p>Sk\u0142ad Rady ZIT ZOF zosta\u0142 powo\u0142any na mocy Porozumienia ZIT ZOF uchwa\u0142\u0105 nr 1\/2023 KS ZIT ZOF z dnia 28 wrze\u015bnia 2023 r. Zg\u0142oszenia ch\u0119ci przyst\u0105pienia do udzia\u0142u w pracach Rady dokonywane by\u0142y za po\u015brednictwem formularza zg\u0142oszeniowego podmiotu kandyduj\u0105cego, kt\u00f3ry zosta\u0142 umieszczony wraz z zaproszeniem na stronie internetowej Miasta Boles\u0142awiec podczas otwartego naboru na cz\u0142onk\u00f3w Rady ZIT ZOF.<\/p>\n\n\n\n<p>Rad\u0119 ZIT ZOF tworz\u0105: Ceramika Boles\u0142awiecka &#8222;Kalich&#8221; Jacek i Weronika Kalich Sp. k.; Boles\u0142awieckie Bractwo Ceramiczne reprezentowane przez Jaros\u0142awa Rutyn\u0119; Zwi\u0105zek Harcerstwa Polskiego Chor\u0105giew Dolno\u015bl\u0105ska Hufiec Boles\u0142awiec reprezentowany przez Komendant Joann\u0119 Sawick\u0105; Przewodnicz\u0105cy Rady Miasta Boles\u0142awiec \u0141ukasz Ja\u017awiec; Radna&nbsp;Rady Gminy Luba\u0144 Renata \u017bo\u0142\u0119dziewska; Stowarzyszenie Rodzic\u00f3w dzieci i M\u0142odzie\u017cy Specjalnej Troski w Boles\u0142awcu Arkadiusz \u017b\u0105d\u0142o; Boles\u0142awiecka Rada Senior\u00f3w reprezentowana przez Przewodnicz\u0105cego Marka Ma\u0142owieckiego; Fundacja Wspierajmy Zdrowie reprezentowana przez Jaros\u0142awa Lubo\u0144skiego oraz Fundacja Art-and-You reprezentowana przez Magdalen\u0119 Konieczn\u0105.<\/p>\n\n\n\n<p>Najwa\u017cniejsze zadania Rady ZIT ZOF to:<\/p>\n\n\n\n<ul class=\"wp-block-list\">\n<li>opiniowanie projektu Strategii ZIT ZOF i jej zmian;<\/li>\n\n\n\n<li>opiniowanie rocznych sprawozda\u0144 monitoringowych na wniosek Lidera ZIT ZOF;<\/li>\n\n\n\n<li>wydawanie opinii w sprawach zwi\u0105zanych z wdra\u017caniem Strategii ZIT ZOF na wniosek Lidera ZIT ZOF.<\/li>\n<\/ul>\n\n\n\n<p>Instytucj\u0105 reprezentuj\u0105c\u0105 ZIT ZOF wykonuj\u0105c\u0105 funkcje administracyjne zwi\u0105zane z wdra\u017caniem Strategii ZIT ZOF jest Biuro Zintegrowanych Inwestycji Terytorialnych Zachodniego Obszaru Funkcjonalnego funkcjonuj\u0105ce w strukturach Urz\u0119du Miasta Boles\u0142awiec.&nbsp;<\/p>\n\n\n\n<h2 class=\"wp-block-heading\"><strong>Obszar wsparcia Strategii ZIT ZOF na lata 2021-2027&nbsp;<\/strong><\/h2>\n\n\n\n<p>Zasi\u0119g terytorialny ZIT ZOF zosta\u0142 okre\u015blony jako Zachodni Obszar Funkcjonalny w Uchwale Nr 6140\/VI\/22 Zarz\u0105du Wojew\u00f3dztwa Dolno\u015bl\u0105skiego z dnia 14 listopada 2022 r. w sprawie przyj\u0119cia projektu propozycji wyznaczenia miejskich obszar\u00f3w funkcjonalnych celem realizacji podej\u015bcia terytorialnego w ramach projektu programu Fundusze Europejskie dla Dolnego \u015al\u0105ska 2021-2027.<\/p>\n\n\n\n<div class=\"wp-block-group is-nowrap is-layout-flex wp-container-core-group-is-layout-6c531013 wp-block-group-is-layout-flex\" style=\"font-size:clamp(14px, 0.875rem + ((1vw - 3.2px) * 0.521), 19px);\">\n<div class=\"wp-block-file\"><a id=\"wp-block-file--media-79c0e3cb-6dc2-47d5-b8bc-fb8a6780cb91\" href=\"https:\/\/zitzof.boleslawiec.eu\/wp-content\/uploads\/2024\/09\/Uchwala-UMWD-nr-6140_VI_22-z-dnia-14-listopada-2022r.pdf\">Tre\u015b\u0107 Uchwa\u0142y Nr 6140\/VI\/22 Zarz\u0105du Wojew\u00f3dztwa Dolno\u015bl\u0105skiego z dnia 14 listopada 2022 r<\/a><\/div>\n<\/div>\n\n\n\n<p>Nast\u0119pnie na mocy Uchwa\u0142y Nr 6945\/VI\/23 Zarz\u0105du Wojew\u00f3dztwa Dolno\u015bl\u0105skiego z dnia 22 maja 2023 r. w sprawie przyj\u0119cia wyznaczonych obszar\u00f3w celem realizacji podej\u015bcia terytorialnego w ramach programu Fundusze Europejskie dla Dolnego \u015al\u0105ska 2021-2027 obszar ZOF zosta\u0142 wyznaczony do wdra\u017cania instrumentu zintegrowanych inwestycji terytorialnych w ramach programu regionalnego.<\/p>\n\n\n\n<div class=\"wp-block-group is-nowrap is-layout-flex wp-container-core-group-is-layout-6c531013 wp-block-group-is-layout-flex\" style=\"font-size:clamp(14px, 0.875rem + ((1vw - 3.2px) * 0.521), 19px);\">\n<div class=\"wp-block-file\"><a id=\"wp-block-file--media-ae827a09-b110-42c2-a405-d505c8b9ea0e\" href=\"https:\/\/zitzof.boleslawiec.eu\/wp-content\/uploads\/2024\/09\/Uchwala-UMWD-nr-6945_VI_23-z-dnia-22-maja-2023-r.pdf\">Tre\u015b\u0107 Uchwa\u0142y Nr 6945\/VI\/23 Zarz\u0105du Wojew\u00f3dztwa Dolno\u015bl\u0105skiego z dnia 22 maja 2023 r.<\/a><\/div>\n\n\n\n<p><\/p>\n<\/div>\n\n\n\n<h2 class=\"wp-block-heading\"><strong>Zasi\u0119g terytorialny ZIT ZOF<\/strong><\/h2>\n\n\n\n<figure class=\"wp-block-image size-full is-resized\"><img loading=\"lazy\" decoding=\"async\" width=\"591\" height=\"611\" src=\"https:\/\/zitzof.boleslawiec.eu\/wp-content\/uploads\/2024\/09\/zasieg_terytorialny.png\" alt=\"Mapa zasi\u0119gu terytorialnego\" class=\"wp-image-35\" style=\"width:591px;height:auto\" srcset=\"https:\/\/zitzof.boleslawiec.eu\/wp-content\/uploads\/2024\/09\/zasieg_terytorialny.png 591w, https:\/\/zitzof.boleslawiec.eu\/wp-content\/uploads\/2024\/09\/zasieg_terytorialny-290x300.png 290w\" sizes=\"auto, (max-width: 591px) 100vw, 591px\" \/><\/figure>\n\n\n\n<h2 class=\"wp-block-heading\"><strong>Strategia ZIT ZOF na lata 2021-2027<\/strong><\/h2>\n\n\n\n<div class=\"wp-block-file\"><a id=\"wp-block-file--media-4eb70928-2b24-43c7-86d3-332efef05873\" href=\"https:\/\/zitzof.boleslawiec.eu\/wp-content\/uploads\/2025\/06\/Strategia-ZIT-ZOF-z-zalacznikami.pdf\">Strategia ZIT ZOF z za\u0142\u0105cznikami<\/a><\/div>\n\n\n\n<p>W dniu 6 sierpnia 2024 r. Strategia ZIT ZOF &nbsp;na lata 2021-2027 zosta\u0142a pozytywnie zaopiniowana przez Zarz\u0105d Wojew\u00f3dztwa Dolno\u015bl\u0105skiego uchwa\u0142\u0105 nr 440\/VII\/24 w sprawie zaopiniowania Strategii Zintegrowanych Inwestycji Terytorialnych Zachodniego Obszaru Integracji na lata 2021-2027 w ramach programu Fundusze Europejskie dla Dolnego \u015al\u0105ska 2021-2027.<\/p>\n\n\n\n<div class=\"wp-block-group is-nowrap is-layout-flex wp-container-core-group-is-layout-6c531013 wp-block-group-is-layout-flex\" style=\"font-size:clamp(14px, 0.875rem + ((1vw - 3.2px) * 0.521), 19px);\">\n<div class=\"wp-block-file\"><a id=\"wp-block-file--media-9457cde7-ab84-4bac-90c0-da7233e8afa8\" href=\"https:\/\/zitzof.boleslawiec.eu\/wp-content\/uploads\/2024\/09\/Uchwala-UMWD-nr-440_VII_24-z-dnia-6.08.24-wsz.-zaopiniowania-Strategii-ZIT-ZOI.pdf\">Tre\u015b\u0107 Uchwa\u0142y nr 440\/VII\/24 Zarz\u0105du Wojew\u00f3dztwa Dolno\u015bl\u0105skiego z dnia 6 sierpnia 2024 r.<\/a><\/div>\n<\/div>\n\n\n\n<p>W dniu 9 czerwca 2025 roku Strategia ZIT ZOF zosta\u0142a zaktualizowana i pozytywnie zaopiniowana przez Zarz\u0105d Wojew\u00f3dztwa Dolno\u015bl\u0105skiego uchwa\u0142\u0105 nr 2291\/VII\/25 w sprawie zaopiniowania Strategii Zintegrowanych Inwestycji Terytorialnych Zachodniego Obszaru Funkcjonalnego na lata 2021-2027 w ramach programu Fundusze Europejskie dla Dolnego \u015al\u0105ska 2021-2027.<\/p>\n\n\n\n<p style=\"font-size:clamp(14px, 0.875rem + ((1vw - 3.2px) * 0.104), 15px);\"><a href=\"https:\/\/zitzof.boleslawiec.eu\/wp-content\/uploads\/2025\/08\/Uchwala-nr-2291_VII_25-z-09.06.25-ws-opiniowania-Strategii-2.pdf\">Tre\u015b\u0107 Uchwa\u0142y nr 2291\/VII\/25 ZWD z dnia 9 czerwca 2025 r. w sprawie zaopiniowania Strategii Zintegrowanych Inwestycji Terytorialnych Zachodniego Obszaru Funkcjonalnego na lata 2021-2027 w ramach programu Fundusze Europejskie dla Dolnego \u015al\u0105ska 2021-2027<\/a> <\/p>\n<\/div>\n\n\n\n<p><\/p>\n\n\n\n<p><\/p>\n","protected":false},"excerpt":{"rendered":"<p>Czym s\u0105 Zintegrowane Inwestycje Terytorialne? Zintegrowane Inwestycje Terytorialne (ZIT) to forma wsp\u00f3\u0142pracy, w ramach kt\u00f3rej partnerstwa miast i otaczaj\u0105cych je gmin oraz w\u0142adze wojew\u00f3dztw wsp\u00f3lnie przeprowadzaj\u0105 projekty finansowane z Funduszy Europejskich. Jest to instrument wspieraj\u0105cy rozw\u00f3j terytorialny i promuj\u0105cy partnerski model wsp\u00f3\u0142pracy mi\u0119dzy jednostkami samorz\u0105du terytorialnego w MOF. W poprzedniej perspektywie finansowej na lata 2014-2020 [&hellip;]<\/p>\n","protected":false},"author":1,"featured_media":0,"parent":0,"menu_order":2,"comment_status":"closed","ping_status":"closed","template":"","meta":{"footnotes":""},"class_list":["post-23","page","type-page","status-publish","hentry"],"aioseo_notices":[],"_links":{"self":[{"href":"https:\/\/zitzof.boleslawiec.eu\/index.php\/wp-json\/wp\/v2\/pages\/23","targetHints":{"allow":["GET"]}}],"collection":[{"href":"https:\/\/zitzof.boleslawiec.eu\/index.php\/wp-json\/wp\/v2\/pages"}],"about":[{"href":"https:\/\/zitzof.boleslawiec.eu\/index.php\/wp-json\/wp\/v2\/types\/page"}],"author":[{"embeddable":true,"href":"https:\/\/zitzof.boleslawiec.eu\/index.php\/wp-json\/wp\/v2\/users\/1"}],"replies":[{"embeddable":true,"href":"https:\/\/zitzof.boleslawiec.eu\/index.php\/wp-json\/wp\/v2\/comments?post=23"}],"version-history":[{"count":20,"href":"https:\/\/zitzof.boleslawiec.eu\/index.php\/wp-json\/wp\/v2\/pages\/23\/revisions"}],"predecessor-version":[{"id":1105,"href":"https:\/\/zitzof.boleslawiec.eu\/index.php\/wp-json\/wp\/v2\/pages\/23\/revisions\/1105"}],"wp:attachment":[{"href":"https:\/\/zitzof.boleslawiec.eu\/index.php\/wp-json\/wp\/v2\/media?parent=23"}],"curies":[{"name":"wp","href":"https:\/\/api.w.org\/{rel}","templated":true}]}}