{"id":58,"date":"2024-09-18T22:43:50","date_gmt":"2024-09-18T20:43:50","guid":{"rendered":"https:\/\/zitzof.boleslawiec.eu\/?page_id=58"},"modified":"2024-12-30T09:55:40","modified_gmt":"2024-12-30T08:55:40","slug":"nabory","status":"publish","type":"page","link":"https:\/\/zitzof.boleslawiec.eu\/index.php\/nabory\/","title":{"rendered":"Nabory"},"content":{"rendered":"\n<div class=\"wp-block-group alignwide is-vertical is-layout-flex wp-container-core-group-is-layout-fe9cc265 wp-block-group-is-layout-flex\">\n<p>Na tej stronie b\u0119d\u0105 zamieszczane informacje o naborach og\u0142oszonych przez Urz\u0105d Marsza\u0142kowski Wojew\u00f3dztwa Dolno\u015bl\u0105skiego, zgodnie z <a href=\"https:\/\/zitzof.boleslawiec.eu\/index.php\/dokumenty\/#harmonogram\" title=\"Dokumenty\">aktualnym harmonogramem nabor\u00f3w wniosk\u00f3w<\/a>. Zach\u0119camy do regularnego sprawdzania zak\u0142adki.<\/p>\n<\/div>\n\n\n\n<div class=\"wp-block-query alignwide is-layout-flow wp-block-query-is-layout-flow\"><ul class=\"columns-3 wp-block-post-template is-layout-grid wp-container-core-post-template-is-layout-6d3fbd8f wp-block-post-template-is-layout-grid\"><li class=\"wp-block-post post-1178 post type-post status-publish format-standard hentry category-aktualnosci category-nabory\">\n<h4 class=\"wp-block-post-title\">Informacja dla wnioskodawc\u00f3w naboru nr FEDS.08.03-IZ.00-406\/26 \u2013 lista zawieraj\u0105ca wyniki oceny projekt\u00f3w<\/h4>\n\n<div class=\"wp-block-post-date\"><time datetime=\"2026-04-15T08:32:07+02:00\">15.04.2026<\/time><\/div>\n\n<div class=\"wp-block-post-excerpt\"><p class=\"wp-block-post-excerpt__excerpt\">Informujemy, i\u017c w dniu 13 kwietnia 2026 r. zosta\u0142 wybrany do dofinansowania nast\u0119puj\u0105cy projekt: Lista zawieraj\u0105ca wynik oceny projektu<\/p><p class=\"wp-block-post-excerpt__more-text\"><a class=\"wp-block-post-excerpt__more-link\" href=\"https:\/\/zitzof.boleslawiec.eu\/index.php\/2026\/04\/15\/informacja-dla-wnioskodawcow-naboru-nr-feds-08-03-iz-00-406-26-lista-zawierajaca-wyniki-oceny-projektow\/\">Czytaj wi\u0119cej<\/a><\/p><\/div>\n<\/li><li class=\"wp-block-post post-1176 post type-post status-publish format-standard hentry category-aktualnosci category-nabory\">\n<h4 class=\"wp-block-post-title\">Informacja dla wnioskodawc\u00f3w naboru nr FEDS.08.03-IZ.00-409\/26 \u2013 lista zawieraj\u0105ca wyniki oceny projekt\u00f3w<\/h4>\n\n<div class=\"wp-block-post-date\"><time datetime=\"2026-04-15T08:28:31+02:00\">15.04.2026<\/time><\/div>\n\n<div class=\"wp-block-post-excerpt\"><p class=\"wp-block-post-excerpt__excerpt\">Informujemy, i\u017c w dniu 13 kwietnia 2026 r. zosta\u0142 wybrany do dofinansowania nast\u0119puj\u0105cy projekt: Lista zawieraj\u0105ca wynik oceny projektu<\/p><p class=\"wp-block-post-excerpt__more-text\"><a class=\"wp-block-post-excerpt__more-link\" href=\"https:\/\/zitzof.boleslawiec.eu\/index.php\/2026\/04\/15\/informacja-dla-wnioskodawcow-naboru-nr-feds-08-03-iz-00-409-26-lista-zawierajaca-wyniki-oceny-projektow\/\">Czytaj wi\u0119cej<\/a><\/p><\/div>\n<\/li><li class=\"wp-block-post post-1103 post type-post status-publish format-standard hentry category-aktualnosci category-nabory\">\n<h4 class=\"wp-block-post-title\">Informacja dla wnioskodawc\u00f3w naboru nr FEDS.06.01-IZ.00-394\/25 \u2013 lista zawieraj\u0105ca wyniki oceny projekt\u00f3w<\/h4>\n\n<div class=\"wp-block-post-date\"><time datetime=\"2026-03-17T10:14:19+01:00\">17.03.2026<\/time><\/div>\n\n<div class=\"wp-block-post-excerpt\"><p class=\"wp-block-post-excerpt__excerpt\">Informujemy, i\u017c w dniu 16 marca 2026 r. zosta\u0142 wybrany do dofinansowania nast\u0119puj\u0105cy projekt: Lista zawieraj\u0105ca wynik oceny projektu<\/p><p class=\"wp-block-post-excerpt__more-text\"><a class=\"wp-block-post-excerpt__more-link\" href=\"https:\/\/zitzof.boleslawiec.eu\/index.php\/2026\/03\/17\/informacja-dla-wnioskodawcow-naboru-nr-feds-06-01-iz-00-394-25-lista-zawierajaca-wyniki-oceny-projektow\/\">Czytaj wi\u0119cej<\/a><\/p><\/div>\n<\/li><\/ul>\n\n<nav class=\"aligncenter wp-block-query-pagination is-layout-flex wp-block-query-pagination-is-layout-flex\" aria-label=\"Stronicowanie\">\n\n\n<div class=\"wp-block-query-pagination-numbers\"><span aria-current=\"page\" class=\"page-numbers current\">1<\/span>\n<a class=\"page-numbers\" href=\"?query-1-page=2\">2<\/a>\n<a class=\"page-numbers\" href=\"?query-1-page=3\">3<\/a>\n<span class=\"page-numbers dots\">&hellip;<\/span>\n<a class=\"page-numbers\" href=\"?query-1-page=17\">17<\/a><\/div>\n\n<a href=\"\/index.php\/wp-json\/wp\/v2\/pages\/58?query-1-page=2\" class=\"wp-block-query-pagination-next\">Nast\u0119pna strona<\/a>\n<\/nav><\/div>\n\n\n\n<p><\/p>\n","protected":false},"excerpt":{"rendered":"<p>Na tej stronie b\u0119d\u0105 zamieszczane informacje o naborach og\u0142oszonych przez Urz\u0105d Marsza\u0142kowski Wojew\u00f3dztwa Dolno\u015bl\u0105skiego, zgodnie z aktualnym harmonogramem nabor\u00f3w wniosk\u00f3w. Zach\u0119camy do regularnego sprawdzania zak\u0142adki.<\/p>\n","protected":false},"author":1,"featured_media":0,"parent":0,"menu_order":4,"comment_status":"closed","ping_status":"closed","template":"","meta":{"footnotes":""},"class_list":["post-58","page","type-page","status-publish","hentry"],"aioseo_notices":[],"_links":{"self":[{"href":"https:\/\/zitzof.boleslawiec.eu\/index.php\/wp-json\/wp\/v2\/pages\/58","targetHints":{"allow":["GET"]}}],"collection":[{"href":"https:\/\/zitzof.boleslawiec.eu\/index.php\/wp-json\/wp\/v2\/pages"}],"about":[{"href":"https:\/\/zitzof.boleslawiec.eu\/index.php\/wp-json\/wp\/v2\/types\/page"}],"author":[{"embeddable":true,"href":"https:\/\/zitzof.boleslawiec.eu\/index.php\/wp-json\/wp\/v2\/users\/1"}],"replies":[{"embeddable":true,"href":"https:\/\/zitzof.boleslawiec.eu\/index.php\/wp-json\/wp\/v2\/comments?post=58"}],"version-history":[{"count":17,"href":"https:\/\/zitzof.boleslawiec.eu\/index.php\/wp-json\/wp\/v2\/pages\/58\/revisions"}],"predecessor-version":[{"id":475,"href":"https:\/\/zitzof.boleslawiec.eu\/index.php\/wp-json\/wp\/v2\/pages\/58\/revisions\/475"}],"wp:attachment":[{"href":"https:\/\/zitzof.boleslawiec.eu\/index.php\/wp-json\/wp\/v2\/media?parent=58"}],"curies":[{"name":"wp","href":"https:\/\/api.w.org\/{rel}","templated":true}]}}