{"id":60,"date":"2024-09-18T22:46:09","date_gmt":"2024-09-18T20:46:09","guid":{"rendered":"https:\/\/zitzof.boleslawiec.eu\/?page_id=60"},"modified":"2024-09-25T17:49:24","modified_gmt":"2024-09-25T15:49:24","slug":"perspektywa-2021-2027","status":"publish","type":"page","link":"https:\/\/zitzof.boleslawiec.eu\/index.php\/perspektywa-2021-2027\/","title":{"rendered":"Perspektywa 2021-2027"},"content":{"rendered":"\n<div class=\"wp-block-group alignwide is-vertical is-content-justification-left is-layout-flex wp-container-core-group-is-layout-d4a30463 wp-block-group-is-layout-flex\" style=\"margin-top:var(--wp--preset--spacing--20)\">\n<p class=\"has-text-align-left\">Szczeg\u00f3\u0142owe informacje znajduj\u0105 si\u0119 na stronie: <a href=\"https:\/\/funduszeuedolnoslaskie.pl\/\">https:\/\/funduszeuedolnoslaskie.pl\/<\/a><\/p>\n<\/div>\n\n\n\n<p><\/p>\n","protected":false},"excerpt":{"rendered":"<p>Szczeg\u00f3\u0142owe informacje znajduj\u0105 si\u0119 na stronie: https:\/\/funduszeuedolnoslaskie.pl\/<\/p>\n","protected":false},"author":1,"featured_media":0,"parent":0,"menu_order":5,"comment_status":"closed","ping_status":"closed","template":"","meta":{"footnotes":""},"class_list":["post-60","page","type-page","status-publish","hentry"],"aioseo_notices":[],"_links":{"self":[{"href":"https:\/\/zitzof.boleslawiec.eu\/index.php\/wp-json\/wp\/v2\/pages\/60","targetHints":{"allow":["GET"]}}],"collection":[{"href":"https:\/\/zitzof.boleslawiec.eu\/index.php\/wp-json\/wp\/v2\/pages"}],"about":[{"href":"https:\/\/zitzof.boleslawiec.eu\/index.php\/wp-json\/wp\/v2\/types\/page"}],"author":[{"embeddable":true,"href":"https:\/\/zitzof.boleslawiec.eu\/index.php\/wp-json\/wp\/v2\/users\/1"}],"replies":[{"embeddable":true,"href":"https:\/\/zitzof.boleslawiec.eu\/index.php\/wp-json\/wp\/v2\/comments?post=60"}],"version-history":[{"count":2,"href":"https:\/\/zitzof.boleslawiec.eu\/index.php\/wp-json\/wp\/v2\/pages\/60\/revisions"}],"predecessor-version":[{"id":189,"href":"https:\/\/zitzof.boleslawiec.eu\/index.php\/wp-json\/wp\/v2\/pages\/60\/revisions\/189"}],"wp:attachment":[{"href":"https:\/\/zitzof.boleslawiec.eu\/index.php\/wp-json\/wp\/v2\/media?parent=60"}],"curies":[{"name":"wp","href":"https:\/\/api.w.org\/{rel}","templated":true}]}}