{"id":64,"date":"2024-09-18T23:09:17","date_gmt":"2024-09-18T21:09:17","guid":{"rendered":"https:\/\/zitzof.boleslawiec.eu\/?page_id=64"},"modified":"2024-10-29T07:45:37","modified_gmt":"2024-10-29T06:45:37","slug":"aktualnosci","status":"publish","type":"page","link":"https:\/\/zitzof.boleslawiec.eu\/","title":{"rendered":"Aktualno\u015bci"},"content":{"rendered":"\n<div class=\"wp-block-group alignwide has-global-padding is-layout-constrained wp-block-group-is-layout-constrained\">\n<div class=\"wp-block-group alignwide is-vertical is-layout-flex wp-container-core-group-is-layout-fe9cc265 wp-block-group-is-layout-flex\">\n<p>Witamy na oficjalnej stronie ZIT ZOF, na kt\u00f3rej znajd\u0105 Pa\u0144stwo wszelkie informacje dotycz\u0105ce bie\u017c\u0105cej dzia\u0142alno\u015bci ZIT ZOF, aktualne nabory wniosk\u00f3w, wa\u017cne dokumenty, najnowsze szkolenia i wiele innych interesuj\u0105cych tre\u015bci.<\/p>\n\n\n\n<div class=\"wp-block-query alignwide is-layout-flow wp-block-query-is-layout-flow\"><ul class=\"columns-3 wp-block-post-template is-layout-grid wp-container-core-post-template-is-layout-6d3fbd8f wp-block-post-template-is-layout-grid\"><li class=\"wp-block-post post-1181 post type-post status-publish format-standard hentry category-aktualnosci\">\n<h4 class=\"wp-block-post-title\">Pierwsze inwestycje realizowane przez ZIT ZOF dobieg\u0142y ko\u0144ca.<\/h4>\n\n<div class=\"wp-block-post-date\"><time datetime=\"2026-04-22T07:54:24+02:00\">22.04.2026<\/time><\/div>\n\n<div class=\"wp-block-post-excerpt\"><p class=\"wp-block-post-excerpt__excerpt\">Na pocz\u0105tku 2026 roku zosta\u0142y zako\u0144czone pierwsze inwestycje realizowane przez gminy w ramach Strategii ZIT ZOF. S\u0105 to projekty: Projekty zosta\u0142y dofinansowane w ramach Funduszy Europejskich dla Dolnego \u015al\u0105ska.<\/p><p class=\"wp-block-post-excerpt__more-text\"><a class=\"wp-block-post-excerpt__more-link\" href=\"https:\/\/zitzof.boleslawiec.eu\/index.php\/2026\/04\/22\/pierwsze-inwestycje-realizowane-przez-zit-zof-dobiegly-konca\/\">Czytaj wi\u0119cej<\/a><\/p><\/div>\n<\/li><li class=\"wp-block-post post-1178 post type-post status-publish format-standard hentry category-aktualnosci category-nabory\">\n<h4 class=\"wp-block-post-title\">Informacja dla wnioskodawc\u00f3w naboru nr FEDS.08.03-IZ.00-406\/26 \u2013 lista zawieraj\u0105ca wyniki oceny projekt\u00f3w<\/h4>\n\n<div class=\"wp-block-post-date\"><time datetime=\"2026-04-15T08:32:07+02:00\">15.04.2026<\/time><\/div>\n\n<div class=\"wp-block-post-excerpt\"><p class=\"wp-block-post-excerpt__excerpt\">Informujemy, i\u017c w dniu 13 kwietnia 2026 r. zosta\u0142 wybrany do dofinansowania nast\u0119puj\u0105cy projekt: Lista zawieraj\u0105ca wynik oceny projektu<\/p><p class=\"wp-block-post-excerpt__more-text\"><a class=\"wp-block-post-excerpt__more-link\" href=\"https:\/\/zitzof.boleslawiec.eu\/index.php\/2026\/04\/15\/informacja-dla-wnioskodawcow-naboru-nr-feds-08-03-iz-00-406-26-lista-zawierajaca-wyniki-oceny-projektow\/\">Czytaj wi\u0119cej<\/a><\/p><\/div>\n<\/li><li class=\"wp-block-post post-1176 post type-post status-publish format-standard hentry category-aktualnosci category-nabory\">\n<h4 class=\"wp-block-post-title\">Informacja dla wnioskodawc\u00f3w naboru nr FEDS.08.03-IZ.00-409\/26 \u2013 lista zawieraj\u0105ca wyniki oceny projekt\u00f3w<\/h4>\n\n<div class=\"wp-block-post-date\"><time datetime=\"2026-04-15T08:28:31+02:00\">15.04.2026<\/time><\/div>\n\n<div class=\"wp-block-post-excerpt\"><p class=\"wp-block-post-excerpt__excerpt\">Informujemy, i\u017c w dniu 13 kwietnia 2026 r. zosta\u0142 wybrany do dofinansowania nast\u0119puj\u0105cy projekt: Lista zawieraj\u0105ca wynik oceny projektu<\/p><p class=\"wp-block-post-excerpt__more-text\"><a class=\"wp-block-post-excerpt__more-link\" href=\"https:\/\/zitzof.boleslawiec.eu\/index.php\/2026\/04\/15\/informacja-dla-wnioskodawcow-naboru-nr-feds-08-03-iz-00-409-26-lista-zawierajaca-wyniki-oceny-projektow\/\">Czytaj wi\u0119cej<\/a><\/p><\/div>\n<\/li><\/ul>\n\n<nav class=\"aligncenter wp-block-query-pagination is-layout-flex wp-block-query-pagination-is-layout-flex\" aria-label=\"Stronicowanie\">\n\n\n<div class=\"wp-block-query-pagination-numbers\"><span aria-current=\"page\" class=\"page-numbers current\">1<\/span>\n<a class=\"page-numbers\" href=\"?query-1-page=2\">2<\/a>\n<a class=\"page-numbers\" href=\"?query-1-page=3\">3<\/a>\n<span class=\"page-numbers dots\">&hellip;<\/span>\n<a class=\"page-numbers\" href=\"?query-1-page=48\">48<\/a><\/div>\n\n<a href=\"\/index.php\/wp-json\/wp\/v2\/pages\/64?query-1-page=2\" class=\"wp-block-query-pagination-next\">Nast\u0119pna strona<\/a>\n<\/nav><\/div>\n\n\n\n<p><\/p>\n\n\n\n<p><a href=\"https:\/\/xn--bolesawiec-e0b.pl\/index.php\/aktualno%C5%9Bci-zit-zoi\" title=\"\">Archiwum aktualno\u015bci<\/a><\/p>\n<\/div>\n<\/div>\n","protected":false},"excerpt":{"rendered":"<p>Witamy na oficjalnej stronie ZIT ZOF, na kt\u00f3rej znajd\u0105 Pa\u0144stwo wszelkie informacje dotycz\u0105ce bie\u017c\u0105cej dzia\u0142alno\u015bci ZIT ZOF, aktualne nabory wniosk\u00f3w, wa\u017cne dokumenty, najnowsze szkolenia i wiele innych interesuj\u0105cych tre\u015bci. Archiwum aktualno\u015bci<\/p>\n","protected":false},"author":1,"featured_media":0,"parent":0,"menu_order":1,"comment_status":"closed","ping_status":"closed","template":"","meta":{"footnotes":""},"class_list":["post-64","page","type-page","status-publish","hentry"],"aioseo_notices":[],"_links":{"self":[{"href":"https:\/\/zitzof.boleslawiec.eu\/index.php\/wp-json\/wp\/v2\/pages\/64","targetHints":{"allow":["GET"]}}],"collection":[{"href":"https:\/\/zitzof.boleslawiec.eu\/index.php\/wp-json\/wp\/v2\/pages"}],"about":[{"href":"https:\/\/zitzof.boleslawiec.eu\/index.php\/wp-json\/wp\/v2\/types\/page"}],"author":[{"embeddable":true,"href":"https:\/\/zitzof.boleslawiec.eu\/index.php\/wp-json\/wp\/v2\/users\/1"}],"replies":[{"embeddable":true,"href":"https:\/\/zitzof.boleslawiec.eu\/index.php\/wp-json\/wp\/v2\/comments?post=64"}],"version-history":[{"count":10,"href":"https:\/\/zitzof.boleslawiec.eu\/index.php\/wp-json\/wp\/v2\/pages\/64\/revisions"}],"predecessor-version":[{"id":354,"href":"https:\/\/zitzof.boleslawiec.eu\/index.php\/wp-json\/wp\/v2\/pages\/64\/revisions\/354"}],"wp:attachment":[{"href":"https:\/\/zitzof.boleslawiec.eu\/index.php\/wp-json\/wp\/v2\/media?parent=64"}],"curies":[{"name":"wp","href":"https:\/\/api.w.org\/{rel}","templated":true}]}}