{"id":68,"date":"2024-09-18T23:32:36","date_gmt":"2024-09-18T21:32:36","guid":{"rendered":"https:\/\/zitzof.boleslawiec.eu\/?page_id=68"},"modified":"2024-09-26T17:42:40","modified_gmt":"2024-09-26T15:42:40","slug":"polityka-prywatnosci","status":"publish","type":"page","link":"https:\/\/zitzof.boleslawiec.eu\/index.php\/polityka-prywatnosci\/","title":{"rendered":"Polityka prywatno\u015bci \/ Deklaracja dost\u0119pno\u015bci"},"content":{"rendered":"\n<div class=\"wp-block-group alignwide is-vertical is-layout-flex wp-container-core-group-is-layout-fe9cc265 wp-block-group-is-layout-flex\" id=\"politykaprywatnosci\">\n<h2 class=\"wp-block-heading\"><strong>Polityka prywatno\u015bci<\/strong><\/h2>\n\n\n\n<p>Urz\u0105d Miasta Boles\u0142awiec przywi\u0105zuje szczeg\u00f3ln\u0105 wag\u0119 do poszanowania prywatno\u015bci u\u017cytkownik\u00f3w odwiedzaj\u0105cych serwisy w domenach nale\u017c\u0105cych do Urz\u0119du. Poni\u017cszy tekst okre\u015bla zasady korzystania z naszych serwis\u00f3w oraz ich polityk\u0119 prywatno\u015bci.<\/p>\n\n\n\n<p><strong>1.&nbsp;&nbsp;&nbsp;&nbsp;&nbsp; Jakie dane o Tobie zbieramy?<\/strong><\/p>\n\n\n\n<p><strong>Dane zbierane automatycznie<\/strong><br>Podczas Twojej wizyty na naszych stronach internetowych automatycznie zbierane s\u0105 anonimowe dane dotycz\u0105ce Twojej wizyty, np. Tw\u00f3j adres IP, nazwa domeny, typ przegl\u0105darki, typ systemu operacyjnego itp.<\/p>\n\n\n\n<p><strong>Dane zbierane, gdy kontaktujesz si\u0119 z nami<\/strong><br>Gdy kontaktujesz si\u0119 z nami za pomoc\u0105&nbsp; telefonu, poczty e-mail itp. przekazujesz nam swoje dane osobowe, np. imi\u0119, nazwisko, adres e-mail itp.<\/p>\n\n\n\n<p><strong>2.&nbsp;&nbsp;&nbsp;&nbsp;&nbsp; W jaki spos\u00f3b wykorzystujemy Twoje dane?<\/strong><\/p>\n\n\n\n<p>Dane zbierane automatycznie mog\u0105 by\u0107 u\u017cyte do analizy zachowa\u0144 u\u017cytkownik\u00f3w w naszych serwisach internetowych oraz zbierania danych demograficznych.<\/p>\n\n\n\n<p>Dane zbierane w trakcie korespondencji pomi\u0119dzy Tob\u0105 a naszym serwisem b\u0119d\u0105 wykorzystane wy\u0142\u0105cznie w celu odpowiedzi na Twoje zapytania.<\/p>\n\n\n\n<p>W przypadku kontroli Prezesa Urz\u0119du Ochrony Danych Osobowych, Twoje dane mog\u0105 zosta\u0107 udost\u0119pnione pracownikom Urz\u0119du zgodnie z og\u00f3lnym rozporz\u0105dzeniem o ochronie danych osobowych z dnia 27 kwietnia 2016 r.<\/p>\n\n\n\n<p>W przypadku naruszenia zasad korzystania z naszego serwisu, naruszenia prawa, lub gdy b\u0119d\u0105 wymaga\u0142y tego przepisy prawa, mo\u017cemy udost\u0119pni\u0107 Twoje dane organom wymiaru sprawiedliwo\u015bci.<\/p>\n\n\n\n<p><strong>3.&nbsp;&nbsp;&nbsp;&nbsp;&nbsp; W jaki spos\u00f3b b\u0119dziemy si\u0119 z Tob\u0105 kontaktowa\u0107?<\/strong><\/p>\n\n\n\n<p>Je\u017celi kontaktowa\u0142e\u015b si\u0119 z nami, mo\u017cesz od nas otrzyma\u0107 odpowied\u017a drog\u0105 e-mailow\u0105 lub w inny spos\u00f3b.<\/p>\n\n\n\n<p><strong>4.&nbsp;&nbsp;&nbsp;&nbsp;&nbsp; Wykorzystanie plik\u00f3w cookie (&#8222;ciasteczek&#8221;)<\/strong><\/p>\n\n\n\n<p>Nasz serwis internetowy wykorzystuje pliki cookies, tzw. &#8222;ciasteczka&#8221;. Z ich pomoc\u0105 tworzone s\u0105 anonimowe statystyki u\u017cytkowania serwisu. S\u0142u\u017c\u0105 one tak\u017ce do zapami\u0119tywania preferencji u\u017cytkownika. Wykorzystywane pliki cookies nie zawieraj\u0105 \u017cadnych danych osobowych<\/p>\n\n\n\n<p><strong>5.&nbsp;&nbsp;&nbsp;&nbsp;&nbsp; Statystyki serwisu<\/strong><\/p>\n\n\n\n<p>Serwis gromadzi anonimowe dane dotycz\u0105ce odwiedzanych stron. Dane te s\u0142u\u017c\u0105 wy\u0142\u0105cznie do analizy statystycznej ruchu w serwisach, np. okre\u015blenie popularno\u015bci poszczeg\u00f3lnych cz\u0119\u015bci serwisu.<\/p>\n\n\n\n<p><strong>6.&nbsp;&nbsp;&nbsp;&nbsp;&nbsp; W jaki spos\u00f3b zabezpieczamy Twoje dane osobowe?<\/strong><\/p>\n\n\n\n<p>Gdy przekazujesz nam swoje dane osobowe, komunikacja mi\u0119dzy Twoim komputerem a naszymi serwerami jest zaszyfrowana za pomoc\u0105 protoko\u0142u SSL (Secure Socket Layer). Dodatkowo nasze bazy danych zabezpieczone s\u0105 przed wgl\u0105dem os\u00f3b trzecich.<\/p>\n\n\n\n<p><strong>7.&nbsp;&nbsp;&nbsp;&nbsp;&nbsp; Zmiany naszej polityki prywatno\u015bci<\/strong><\/p>\n\n\n\n<p>Zastrzegamy sobie prawo zmiany powy\u017cszej polityki prywatno\u015bci poprzez opublikowanie nowej polityki prywatno\u015bci na tej stronie.<\/p>\n\n\n\n<p><strong>8.&nbsp;&nbsp;&nbsp;&nbsp;&nbsp; Kontakt<\/strong><\/p>\n\n\n\n<p>Instytucja zbieraj\u0105ca dane: Urz\u0105d Miasta Boles\u0142awiec, ul. Rynek 41, 59-700 Boles\u0142awiec.<\/p>\n\n\n\n<p><\/p>\n\n\n\n<p>Chrome (Google) &#8211;&nbsp;<a href=\"http:\/\/support.google.com\/chrome\/bin\/answer.py?hl=pl&amp;answer=95647\">http:\/\/support.google.com\/chrome\/bin\/answer.py?hl=pl&amp;answer=95647<\/a><\/p>\n\n\n\n<p>Firefox (Mozilla) &#8211;&nbsp;<a href=\"http:\/\/support.mozilla.org\/pl\/kb\/W%C5%82%C4%85czanie%20i%20wy%C5%82%C4%85czanie%20obs%C5%82ugi%20ciasteczek\">http:\/\/support.mozilla.org\/pl\/kb\/W%C5%82%C4%85czanie%20i%20wy%C5%82%C4%85czanie%20obs%C5%82ugi%20ciasteczek<\/a><\/p>\n\n\n\n<p>Internet Explorer (Microsoft) &#8211;&nbsp;<a href=\"http:\/\/windows.microsoft.com\/pl-pl\/windows7\/block-enable-or-allow-cookies\">http:\/\/windows.microsoft.com\/pl-pl\/windows7\/block-enable-or-allow-cookies<\/a><\/p>\n\n\n\n<p>Opera (Opera Software) &#8211;&nbsp;<a href=\"http:\/\/help.opera.com\/Windows\/12.10\/pl\/cookies.html\">http:\/\/help.opera.com\/Windows\/12.10\/pl\/cookies.html<\/a><\/p>\n\n\n\n<p>Safari (Apple) &#8211;&nbsp;<a href=\"http:\/\/support.apple.com\/kb\/PH5042\">http:\/\/support.apple.com\/kb\/PH5042<\/a><\/p>\n\n\n\n<p><\/p>\n\n\n\n<p>Urz\u0105d Miasta Boles\u0142awiec nie ponosi odpowiedzialno\u015bci za strony zewn\u0119trzne, do kt\u00f3rych prowadz\u0105 odno\u015bniki&nbsp; ze stron Urz\u0119du Miasta Boles\u0142awiec.&nbsp; Po przej\u015bciu na zewn\u0119trzne strony nale\u017cy zapozna\u0107 si\u0119 z polityk\u0105 prywatno\u015bci na nich umieszczanych.<a id=\"_msocom_1\"><\/a><\/p>\n<\/div>\n\n\n\n<div class=\"wp-block-group alignwide has-global-padding is-layout-constrained wp-block-group-is-layout-constrained\" id=\"deklaracjadostepnosci\" style=\"margin-top:var(--wp--preset--spacing--40)\">\n<div class=\"wp-block-group alignwide is-vertical is-layout-flex wp-container-core-group-is-layout-fe9cc265 wp-block-group-is-layout-flex\">\n<h2 class=\"wp-block-heading\"><strong>Deklaracja dost\u0119pno\u015bci<\/strong><\/h2>\n\n\n\n<p><strong>Wst\u0119p<\/strong> <\/p>\n\n\n\n<p>Gmina Miejska Boles\u0142awiec zobowi\u0105zuje si\u0119 zapewni\u0107 dost\u0119pno\u015b\u0107 swojej strony internetowej zgodnie z przepisami ustawy z dnia 4 kwietnia 2019 r. o dost\u0119pno\u015bci cyfrowej stron internetowych i aplikacji mobilnych podmiot\u00f3w publicznych. O\u015bwiadczenie w sprawie dost\u0119pno\u015bci ma zastosowanie do strony internetowej\u00a0<a href=\"https:\/\/zitzof.pl\">https:\/\/zitzof.pl<\/a><\/p>\n<\/div>\n\n\n\n<hr class=\"wp-block-separator alignwide has-alpha-channel-opacity\"\/>\n\n\n\n<div class=\"wp-block-group alignwide is-vertical is-layout-flex wp-container-core-group-is-layout-fe9cc265 wp-block-group-is-layout-flex\">\n<p><strong>Nazwa podmiotu publicznego<\/strong><\/p>\n\n\n\n<p>Gmina Miejska Boles\u0142awiec<\/p>\n<\/div>\n\n\n\n<hr class=\"wp-block-separator alignwide has-alpha-channel-opacity\"\/>\n\n\n\n<div class=\"wp-block-group alignwide is-vertical is-layout-flex wp-container-core-group-is-layout-fe9cc265 wp-block-group-is-layout-flex\">\n<p><strong>Adres strony internetowej lub aplikacji mobilnej do pobrania:<\/strong> <\/p>\n\n\n\n<p>http:\/\/www.zitzof.pl\/<\/p>\n<\/div>\n\n\n\n<hr class=\"wp-block-separator alignwide has-alpha-channel-opacity\"\/>\n\n\n\n<div class=\"wp-block-group alignwide is-vertical is-layout-flex wp-container-core-group-is-layout-fe9cc265 wp-block-group-is-layout-flex\">\n<p>Data opublikowania strony internetowej lub wydania aplikacji:<\/p>\n\n\n\n<p>Data publikacji strony internetowej: ??<\/p>\n\n\n\n<p><a id=\"_msocom_1\"><\/a><\/p>\n<\/div>\n\n\n\n<hr class=\"wp-block-separator alignwide has-alpha-channel-opacity\"\/>\n\n\n\n<div class=\"wp-block-group alignwide is-vertical is-layout-flex wp-container-core-group-is-layout-fe9cc265 wp-block-group-is-layout-flex\">\n<p><strong>Status pod wzgl\u0119dem zgodno\u015bci z ustaw\u0105 o dost\u0119pno\u015bci cyfrowej:<\/strong><\/p>\n\n\n\n<p>Strona internetowa jest<strong>&nbsp;cz\u0119\u015bciowo zgodna<\/strong>&nbsp;z ustaw\u0105 z dnia 4 kwietnia 2019 r. o dost\u0119pno\u015bci&nbsp;cyfrowej stron internetowych i aplikacji mobilnych podmiot\u00f3w publicznych z powodu&nbsp;niezgodno\u015bci lub wy\u0142\u0105cze\u0144 wymienionych poni\u017cej.<\/p>\n\n\n\n<p><strong>Tre\u015bci niedost\u0119pne&nbsp;<\/strong><\/p>\n\n\n\n<ul class=\"wp-block-list\">\n<li>Nie wszystkie pliki s\u0105 przygotowane jako dost\u0119pne, nie maj\u0105 struktury pozwalaj\u0105cej osobom niewidomym na ich przegl\u0105danie lub te\u017c s\u0105 skanami dokument\u00f3w.<\/li>\n\n\n\n<li>Brak audio deskrypcji dla materia\u0142\u00f3w video\/multimedialnych<\/li>\n<\/ul>\n<\/div>\n\n\n\n<hr class=\"wp-block-separator alignwide has-alpha-channel-opacity\"\/>\n\n\n\n<div class=\"wp-block-group alignwide is-vertical is-layout-flex wp-container-core-group-is-layout-fe9cc265 wp-block-group-is-layout-flex\">\n<p>Data sporz\u0105dzenia Deklaracji Dost\u0119pno\u015bci: <\/p>\n\n\n\n<p>Deklaracje sporz\u0105dzono dnia\u00a0<strong>2024-09-26<\/strong>.<\/p>\n<\/div>\n\n\n\n<hr class=\"wp-block-separator alignwide has-alpha-channel-opacity\"\/>\n\n\n\n<div class=\"wp-block-group alignwide is-vertical is-layout-flex wp-container-core-group-is-layout-fe9cc265 wp-block-group-is-layout-flex\">\n<p><strong>Informacje zwrotne i dane kontaktowe:<\/strong><\/p>\n\n\n\n<p>W przypadku problem\u00f3w z dost\u0119pno\u015bci\u0105 strony internetowej prosimy o kontakt. Osob\u0105 wyznaczon\u0105 do realizacji spraw w zakresie dost\u0119pno\u015bci cyfrowej jest Dariusz Rutyna. Kontaktowa\u0107 mo\u017cna si\u0119 dzwoni\u0105c pod numer telefonu 75 64-56-575 e-mail:d.rutyna@um.boleslawiec.pl. T\u0105 sam\u0105 drog\u0105 mo\u017cna sk\u0142ada\u0107 wnioski o udost\u0119pnienie informacji niedost\u0119pnej oraz sk\u0142ada\u0107 \u017c\u0105dania zapewnienia dost\u0119pno\u015bci.<\/p>\n<\/div>\n\n\n\n<hr class=\"wp-block-separator alignwide has-alpha-channel-opacity\"\/>\n\n\n\n<div class=\"wp-block-group alignwide is-vertical is-layout-flex wp-container-core-group-is-layout-fe9cc265 wp-block-group-is-layout-flex\">\n<p>Imi\u0119 i nazwisko osoby odpowiedzialnej za kontakt w sprawie niedost\u0119pno\u015bci (osoba kontaktowa):<\/p>\n\n\n\n<p>Dariusz Rutyna<\/p>\n<\/div>\n\n\n\n<hr class=\"wp-block-separator alignwide has-alpha-channel-opacity\"\/>\n\n\n\n<div class=\"wp-block-group alignwide is-vertical is-layout-flex wp-container-core-group-is-layout-fe9cc265 wp-block-group-is-layout-flex\">\n<p>Adres poczty elektronicznej osoby kontaktowej:<\/p>\n\n\n\n<p>d.rutyna@um.boleslawiec.pl<\/p>\n<\/div>\n\n\n\n<hr class=\"wp-block-separator alignwide has-alpha-channel-opacity\"\/>\n\n\n\n<div class=\"wp-block-group alignwide is-vertical is-layout-flex wp-container-core-group-is-layout-fe9cc265 wp-block-group-is-layout-flex\">\n<p>Numer telefonu do osoby kontaktowej:<\/p>\n\n\n\n<p>+48 756456400<\/p>\n<\/div>\n\n\n\n<hr class=\"wp-block-separator alignwide has-alpha-channel-opacity\"\/>\n\n\n\n<div class=\"wp-block-group alignwide is-vertical is-layout-flex wp-container-core-group-is-layout-fe9cc265 wp-block-group-is-layout-flex\">\n<p><strong>Opis procedury wnioskowo-skargowej:<\/strong><\/p>\n\n\n\n<p>Ka\u017cdy ma prawo do wyst\u0105pienia z \u017c\u0105daniem zapewnienia dost\u0119pno\u015bci cyfrowej strony internetowej, aplikacji mobilnej lub jakiego\u015b ich elementu. Mo\u017cna tak\u017ce za\u017c\u0105da\u0107 udost\u0119pnienia informacji za pomoc\u0105 alternatywnego sposobu dost\u0119pu, na przyk\u0142ad przez odczytanie niedost\u0119pnego cyfrowo dokumentu, opisanie zawarto\u015bci filmu bez audiodeskrypcji itp.<\/p>\n\n\n\n<p>\u017b\u0105danie powinno zawiera\u0107 dane osoby zg\u0142aszaj\u0105cej \u017c\u0105danie, wskazanie, o kt\u00f3r\u0105 stron\u0119 internetow\u0105 lub aplikacj\u0119 mobiln\u0105 chodzi oraz spos\u00f3b kontaktu. Je\u017celi osoba \u017c\u0105daj\u0105ca zg\u0142asza potrzeb\u0119 otrzymania informacji za pomoc\u0105 alternatywnego sposobu dost\u0119pu, powinna tak\u017ce okre\u015bli\u0107 dogodny dla niej spos\u00f3b przedstawienia tej informacji. Podmiot publiczny powinien zrealizowa\u0107 \u017c\u0105danie niezw\u0142ocznie, nie p\u00f3\u017aniej ni\u017c w ci\u0105gu 7 dni od dnia wyst\u0105pienia z \u017c\u0105daniem. Je\u017celi dotrzymanie tego terminu nie jest mo\u017cliwe, podmiot publiczny niezw\u0142ocznie informuje o tym wnosz\u0105cego \u017c\u0105danie, kiedy realizacja \u017c\u0105dania b\u0119dzie mo\u017cliwa, przy czym termin ten nie mo\u017ce by\u0107 d\u0142u\u017cszy ni\u017c 2 miesi\u0105ce od dnia wyst\u0105pienia z \u017c\u0105daniem. Je\u017celi zapewnienie dost\u0119pno\u015bci cyfrowej nie jest mo\u017cliwe, podmiot publiczny mo\u017ce zaproponowa\u0107 alternatywny spos\u00f3b dost\u0119pu do informacji. <\/p>\n\n\n\n<p>W przypadku, gdy podmiot publiczny odm\u00f3wi realizacji \u017c\u0105dania zapewnienia dost\u0119pno\u015bci lub alternatywnego sposobu dost\u0119pu do informacji, wnosz\u0105cy \u017c\u0105danie mo\u017cne z\u0142o\u017cy\u0107 skarg\u0119 w sprawie zapewniana dost\u0119pno\u015bci cyfrowej strony internetowej, aplikacji mobilnej lub elementu strony internetowej, lub aplikacji mobilnej. Po wyczerpaniu wskazanej wy\u017cej procedury mo\u017cna tak\u017ce z\u0142o\u017cy\u0107 wniosek do\u00a0<a href=\"https:\/\/www.rpo.gov.pl\/pl\/content\/kontakt-przyjmujemy-sprawy-do-rpo.\" target=\"_blank\" rel=\"noreferrer noopener\">Rzecznika Praw Obywatelskich<\/a>.<\/p>\n<\/div>\n\n\n\n<hr class=\"wp-block-separator alignwide has-alpha-channel-opacity\"\/>\n\n\n\n<div class=\"wp-block-group alignwide is-vertical is-layout-flex wp-container-core-group-is-layout-fe9cc265 wp-block-group-is-layout-flex\">\n<p><strong>Sekcja z informacjami o dost\u0119pno\u015bci architektonicznej:<\/strong><\/p>\n\n\n\n<p>Siedziby Urz\u0119du Miasta Boles\u0142awiec:<\/p>\n\n\n\n<p>1. Urz\u0105d Miasta Boles\u0142awiec, Rynek 41<\/p>\n\n\n\n<p>Budynek ratusza jest dostosowany do obs\u0142ugi os\u00f3b z niepe\u0142nosprawno\u015bciami ruchowymi. W budynku korytarze s\u0105 szerokie, przestrze\u0144 dost\u0119pna, wej\u015bcie do windy na parterze. Winda umo\u017cliwia dost\u0119p na pozosta\u0142e kondygnacje Urz\u0119du. W windzie brak informacji g\u0142osowej. W budynku nie ma potrzeby zastosowania pochylni i podno\u015bnik\u00f3w. Urz\u0105d wykorzystuje p\u0119tle indukcyjne. W budynku ratusza mo\u017cna skorzysta\u0107 z us\u0142ug t\u0142umacza j\u0119zyka migowego.<\/p>\n\n\n\n<p>Toaleta dostosowana dla os\u00f3b z niepe\u0142nosprawno\u015bciami znajduje si\u0119 na parterze. Najbli\u017csze 2 miejsca postojowe znajduj\u0105 si\u0119 w odleg\u0142o\u015bci 100 metr\u00f3w od budynku Urz\u0119du. Gmina Miejska Boles\u0142awiec zaprasza osoby korzystaj\u0105ce ze wsparcia ps\u00f3w asystuj\u0105cych.<\/p>\n\n\n\n<p>2. Urz\u0105d Miasta Boles\u0142awiec, Pl. Marsz. J. Pi\u0142sudskiego 1<\/p>\n\n\n\n<p>Budynek biurowca jest dostosowany do obs\u0142ugi os\u00f3b z niepe\u0142nosprawno\u015bciami ruchowymi. W budynku korytarze s\u0105 szerokie, przestrze\u0144 dost\u0119pna, wej\u015bcie do windy na parterze. Winda umo\u017cliwia dost\u0119p na pozosta\u0142e kondygnacje Urz\u0119du. W windzie brak informacji g\u0142osowej. W budynku nie ma potrzeby zastosowania pochylni i podno\u015bnik\u00f3w. Urz\u0105d wykorzystuje p\u0119tle indukcyjne.&nbsp;Na miejscu mo\u017cna skorzysta\u0107 z us\u0142ug t\u0142umacza j\u0119zyka migowego przez internet.<\/p>\n\n\n\n<p>Toaleta dostosowana dla os\u00f3b z niepe\u0142nosprawno\u015bciami znajduje si\u0119 na parterze. W pobli\u017cu budynku znajduj\u0105 si\u0119 wyznaczone miejsca parkingowe dla os\u00f3b z niepe\u0142nosprawno\u015bci\u0105. Gmina Miejska zaprasza osoby korzystaj\u0105ce ze wsparcia ps\u00f3w asystuj\u0105cych.<\/p>\n<\/div>\n<\/div>\n","protected":false},"excerpt":{"rendered":"<p>Polityka prywatno\u015bci Urz\u0105d Miasta Boles\u0142awiec przywi\u0105zuje szczeg\u00f3ln\u0105 wag\u0119 do poszanowania prywatno\u015bci u\u017cytkownik\u00f3w odwiedzaj\u0105cych serwisy w domenach nale\u017c\u0105cych do Urz\u0119du. Poni\u017cszy tekst okre\u015bla zasady korzystania z naszych serwis\u00f3w oraz ich polityk\u0119 prywatno\u015bci. 1.&nbsp;&nbsp;&nbsp;&nbsp;&nbsp; Jakie dane o Tobie zbieramy? Dane zbierane automatyczniePodczas Twojej wizyty na naszych stronach internetowych automatycznie zbierane s\u0105 anonimowe dane dotycz\u0105ce Twojej wizyty, np. [&hellip;]<\/p>\n","protected":false},"author":1,"featured_media":0,"parent":0,"menu_order":0,"comment_status":"closed","ping_status":"closed","template":"","meta":{"footnotes":""},"class_list":["post-68","page","type-page","status-publish","hentry"],"aioseo_notices":[],"_links":{"self":[{"href":"https:\/\/zitzof.boleslawiec.eu\/index.php\/wp-json\/wp\/v2\/pages\/68","targetHints":{"allow":["GET"]}}],"collection":[{"href":"https:\/\/zitzof.boleslawiec.eu\/index.php\/wp-json\/wp\/v2\/pages"}],"about":[{"href":"https:\/\/zitzof.boleslawiec.eu\/index.php\/wp-json\/wp\/v2\/types\/page"}],"author":[{"embeddable":true,"href":"https:\/\/zitzof.boleslawiec.eu\/index.php\/wp-json\/wp\/v2\/users\/1"}],"replies":[{"embeddable":true,"href":"https:\/\/zitzof.boleslawiec.eu\/index.php\/wp-json\/wp\/v2\/comments?post=68"}],"version-history":[{"count":14,"href":"https:\/\/zitzof.boleslawiec.eu\/index.php\/wp-json\/wp\/v2\/pages\/68\/revisions"}],"predecessor-version":[{"id":226,"href":"https:\/\/zitzof.boleslawiec.eu\/index.php\/wp-json\/wp\/v2\/pages\/68\/revisions\/226"}],"wp:attachment":[{"href":"https:\/\/zitzof.boleslawiec.eu\/index.php\/wp-json\/wp\/v2\/media?parent=68"}],"curies":[{"name":"wp","href":"https:\/\/api.w.org\/{rel}","templated":true}]}}